{"id":8905,"date":"2026-03-28T18:31:19","date_gmt":"2026-03-28T18:31:19","guid":{"rendered":"https:\/\/dd-production.de\/?page_id=8905"},"modified":"2026-03-28T18:31:19","modified_gmt":"2026-03-28T18:31:19","slug":"impressum","status":"publish","type":"page","link":"https:\/\/dd-production.de\/de_de\/home\/impressum\/","title":{"rendered":"Impressum"},"content":{"rendered":"\t\t<div data-elementor-type=\"wp-page\" data-elementor-id=\"8905\" class=\"elementor elementor-8905\" data-elementor-post-type=\"page\">\n\t\t\t\t\t\t<section class=\"elementor-section elementor-top-section elementor-element elementor-element-43da7b75 elementor-section-boxed elementor-section-height-default elementor-section-height-default\" data-id=\"43da7b75\" data-element_type=\"section\" data-e-type=\"section\">\n\t\t\t\t\t\t<div class=\"elementor-container elementor-column-gap-default\">\n\t\t\t\t\t<div class=\"elementor-column elementor-col-100 elementor-top-column elementor-element elementor-element-50cc76a9\" data-id=\"50cc76a9\" data-element_type=\"column\" data-e-type=\"column\">\n\t\t\t<div class=\"elementor-widget-wrap elementor-element-populated\">\n\t\t\t\t\t\t<div class=\"elementor-element elementor-element-2648566 elementor-widget elementor-widget-heading\" data-id=\"2648566\" data-element_type=\"widget\" data-e-type=\"widget\" data-widget_type=\"heading.default\">\n\t\t\t\t<div class=\"elementor-widget-container\">\n\t\t\t\t\t<h2 class=\"elementor-heading-title elementor-size-default\">Impressum<\/h2>\t\t\t\t<\/div>\n\t\t\t\t<\/div>\n\t\t\t\t<div class=\"elementor-element elementor-element-8461ef2 elementor-widget elementor-widget-text-editor\" data-id=\"8461ef2\" data-element_type=\"widget\" data-e-type=\"widget\" data-widget_type=\"text-editor.default\">\n\t\t\t\t<div class=\"elementor-widget-container\">\n\t\t\t\t\t\t\t\t\t<div  class=\"agb_content agb_imprint  notranslate\"><div>Dominik Dr&ouml;se<br \/>\nDD Production<br \/>\nKopenhagener Stra&szlig;e 78<br \/>\n10437 Berlin<br \/>\nDeutschland<br \/>\n<br \/>\nTel.: +49 (0)30 44 04 28 88<br \/>\nE-Mail: info@dd-production.de<br \/>\n<br \/>\nUmsatzsteuer-Identifikationsnummer: DE 270307130<\/div><div id=\"itkanzlei_txt_copyright\" style=\"font-size: 12px; margin-top: 8em;\"><div style=\"display: inline-block; vertical-align: top; margin-left: 5px; float: right; white-space: nowrap;\">Stand: 28.03.2026, 19:31:18<\/div><div style=\"clear: right;\"><\/div><\/div><\/div>\t\t\t\t\t\t\t\t<\/div>\n\t\t\t\t<\/div>\n\t\t\t\t<div class=\"elementor-element elementor-element-93b3040 elementor-widget-divider--view-line elementor-widget elementor-widget-divider\" data-id=\"93b3040\" data-element_type=\"widget\" data-e-type=\"widget\" data-widget_type=\"divider.default\">\n\t\t\t\t<div class=\"elementor-widget-container\">\n\t\t\t\t\t\t\t<div class=\"elementor-divider\">\n\t\t\t<span class=\"elementor-divider-separator\">\n\t\t\t\t\t\t<\/span>\n\t\t<\/div>\n\t\t\t\t\t\t<\/div>\n\t\t\t\t<\/div>\n\t\t\t\t<div class=\"elementor-element elementor-element-1b8bde9 elementor-widget elementor-widget-heading\" data-id=\"1b8bde9\" data-element_type=\"widget\" data-e-type=\"widget\" data-widget_type=\"heading.default\">\n\t\t\t\t<div class=\"elementor-widget-container\">\n\t\t\t\t\t<h2 class=\"elementor-heading-title elementor-size-default\">Rechtliches<\/h2>\t\t\t\t<\/div>\n\t\t\t\t<\/div>\n\t\t\t\t<div class=\"elementor-element elementor-element-42774f9 elementor-widget elementor-widget-text-editor\" data-id=\"42774f9\" data-element_type=\"widget\" data-e-type=\"widget\" data-widget_type=\"text-editor.default\">\n\t\t\t\t<div class=\"elementor-widget-container\">\n\t\t\t\t\t\t\t\t\t<h2><strong style=\"color: var(--color__body-text); background-color: var(--color__body-background); font-family: var(--font__main); font-size: 16px;\">Inhalt<\/strong><\/h2>\n<p>Inhaltlich Verantwortlicher gem\u00e4\u00df \u00a7 6 MDStV: Dominik Dr\u00f6se<br \/>Haftungshinweis: Trotz sorgf\u00e4ltiger inhaltlicher Kontrolle \u00fcbernehmen wir keine Haftung f\u00fcr die Inhalte externer Links. F\u00fcr den Inhalt der verlinkten Seiten sind ausschlie\u00dflich deren Betreiber verantwortlich.<\/p>\n<p><strong>Haftungsausschlu\u00df<\/strong><br \/>DD-Production enth\u00e4lt ausschlie\u00dflich kommentierte Links zu anderen Portalen oder Websites und bem\u00fcht sich um eine ausgewogene Auswahl.<br \/>Eine Haftung oder Garantie f\u00fcr die Aktualit\u00e4t, Richtigkeit und Vollst\u00e4ndigkeit der zur Verf\u00fcgung gestellten Informationen und Daten ist jedoch ausgeschlossen. Dies gilt ebenfalls auch f\u00fcr alle anderen direkt oder indirekt angef\u00fchrten Websites auf die mittels eines Hyperlinks verwiesen wird. DD-Production ist f\u00fcr den Inhalt und die Einhaltung des Datenschutzes solcher Websites, die mit diesen Links erreicht werden, nicht verantwortlich.<\/p>\n<p>DD-Production haftet dar\u00fcber hinaus weder f\u00fcr direkte noch indirekte Sch\u00e4den die durch die Nutzung der auf dieser Website zu findenden Informationen oder Daten entstehen. Durch deren Nutzung werden auch keine Rechte und Pflichten zwischen DD-Production und dem Nutzer dieser Website oder Dritten begr\u00fcndet.<\/p>\n<p>DD-Production beh\u00e4lt sich vor, ohne vorherige Ank\u00fcndigung \u00c4nderungen oder Erg\u00e4nzungen der bereitgestellten Informationen oder Daten jederzeit vorzunehmen.<\/p>\n<p>Der Inhalt dieser Website, insbesondere alle Texte, Bilder, Grafiken, Logos, Ton-, Video- und Animationsdateien sowie auch ihre Arrangements, unterliegen dem Urheberrecht und anderen Gesetzen zum Schutz geistigen Eigentums.<\/p>\n<p>Die auf der Website DD-Production bereitgestellten Texte, Bilder, Graphiken, Logos etc. d\u00fcrfen weder ver\u00e4ndert noch f\u00fcr Handelszwecke kopiert und auf anderen Websites verwendet werden.<\/p>\n<p>S\u00e4mtliche Informationen oder Daten, ihre Nutzung und die Anmeldung zur Website DD-Production sowie s\u00e4mtliches mit der Website DD-Production zusammenh\u00e4ngendes Tun, Dulden oder Unterlassen unterliegen ausschlie\u00dflich deutschem Recht. Erf\u00fcllungsort und ausschlie\u00dflicher Gerichtsstand ist Berlin.<\/p>\t\t\t\t\t\t\t\t<\/div>\n\t\t\t\t<\/div>\n\t\t\t\t<div class=\"elementor-element elementor-element-355b386 elementor-widget-divider--view-line elementor-widget elementor-widget-divider\" data-id=\"355b386\" data-element_type=\"widget\" data-e-type=\"widget\" data-widget_type=\"divider.default\">\n\t\t\t\t<div class=\"elementor-widget-container\">\n\t\t\t\t\t\t\t<div class=\"elementor-divider\">\n\t\t\t<span class=\"elementor-divider-separator\">\n\t\t\t\t\t\t<\/span>\n\t\t<\/div>\n\t\t\t\t\t\t<\/div>\n\t\t\t\t<\/div>\n\t\t\t\t\t<\/div>\n\t\t<\/div>\n\t\t\t\t\t<\/div>\n\t\t<\/section>\n\t\t\t\t<\/div>\n\t\t","protected":false},"excerpt":{"rendered":"<p>Impressum Rechtliches Inhalt Inhaltlich Verantwortlicher gem\u00e4\u00df \u00a7 6 MDStV: Dominik Dr\u00f6seHaftungshinweis: Trotz sorgf\u00e4ltiger inhaltlicher Kontrolle \u00fcbernehmen wir keine Haftung f\u00fcr die Inhalte externer Links. F\u00fcr den Inhalt der verlinkten Seiten sind ausschlie\u00dflich deren Betreiber verantwortlich. Haftungsausschlu\u00dfDD-Production enth\u00e4lt ausschlie\u00dflich kommentierte Links zu anderen Portalen oder Websites und bem\u00fcht sich um eine [&hellip;]<\/p>\n","protected":false},"author":2,"featured_media":0,"parent":5,"menu_order":0,"comment_status":"closed","ping_status":"closed","template":"","meta":{"_monsterinsights_skip_tracking":false,"_monsterinsights_sitenote_active":false,"_monsterinsights_sitenote_note":"","_monsterinsights_sitenote_category":0,"footnotes":""},"class_list":["post-8905","page","type-page","status-publish","hentry"],"yoast_head":"<!-- This site is optimized with the Yoast SEO plugin v27.4 - https:\/\/yoast.com\/product\/yoast-seo-wordpress\/ -->\n<title>Impressum - DD - Production<\/title>\n<meta name=\"robots\" content=\"index, follow, max-snippet:-1, max-image-preview:large, max-video-preview:-1\" \/>\n<link rel=\"canonical\" href=\"https:\/\/dd-production.de\/de_de\/home\/impressum\/\" \/>\n<meta property=\"og:locale\" content=\"de_DE\" \/>\n<meta property=\"og:type\" content=\"article\" \/>\n<meta property=\"og:title\" content=\"Impressum - DD - Production\" \/>\n<meta property=\"og:description\" content=\"Impressum Rechtliches Inhalt Inhaltlich Verantwortlicher gem\u00e4\u00df \u00a7 6 MDStV: Dominik Dr\u00f6seHaftungshinweis: Trotz sorgf\u00e4ltiger inhaltlicher Kontrolle \u00fcbernehmen wir keine Haftung f\u00fcr die Inhalte externer Links. F\u00fcr den Inhalt der verlinkten Seiten sind ausschlie\u00dflich deren Betreiber verantwortlich. Haftungsausschlu\u00dfDD-Production enth\u00e4lt ausschlie\u00dflich kommentierte Links zu anderen Portalen oder Websites und bem\u00fcht sich um eine [&hellip;]\" \/>\n<meta property=\"og:url\" content=\"https:\/\/dd-production.de\/de_de\/home\/impressum\/\" \/>\n<meta property=\"og:site_name\" content=\"DD - Production\" \/>\n<meta name=\"twitter:card\" content=\"summary_large_image\" \/>\n<meta name=\"twitter:label1\" content=\"Gesch\u00e4tzte Lesezeit\" \/>\n\t<meta name=\"twitter:data1\" content=\"2\u00a0Minuten\" \/>\n<script type=\"application\/ld+json\" class=\"yoast-schema-graph\">{\"@context\":\"https:\\\/\\\/schema.org\",\"@graph\":[{\"@type\":\"WebPage\",\"@id\":\"https:\\\/\\\/dd-production.de\\\/home\\\/impressum\\\/\",\"url\":\"https:\\\/\\\/dd-production.de\\\/home\\\/impressum\\\/\",\"name\":\"Impressum - DD - Production\",\"isPartOf\":{\"@id\":\"https:\\\/\\\/dd-production.de\\\/#website\"},\"datePublished\":\"2026-03-28T18:31:19+00:00\",\"breadcrumb\":{\"@id\":\"https:\\\/\\\/dd-production.de\\\/home\\\/impressum\\\/#breadcrumb\"},\"inLanguage\":\"de\",\"potentialAction\":[{\"@type\":\"ReadAction\",\"target\":[\"https:\\\/\\\/dd-production.de\\\/home\\\/impressum\\\/\"]}]},{\"@type\":\"BreadcrumbList\",\"@id\":\"https:\\\/\\\/dd-production.de\\\/home\\\/impressum\\\/#breadcrumb\",\"itemListElement\":[{\"@type\":\"ListItem\",\"position\":1,\"name\":\"Startseite\",\"item\":\"https:\\\/\\\/dd-production.de\\\/\"},{\"@type\":\"ListItem\",\"position\":2,\"name\":\"Home\",\"item\":\"https:\\\/\\\/dd-production.de\\\/\"},{\"@type\":\"ListItem\",\"position\":3,\"name\":\"Impressum\"}]},{\"@type\":\"WebSite\",\"@id\":\"https:\\\/\\\/dd-production.de\\\/#website\",\"url\":\"https:\\\/\\\/dd-production.de\\\/\",\"name\":\"DD - Production\",\"description\":\"Artist Booking - Tour Production and more\",\"publisher\":{\"@id\":\"https:\\\/\\\/dd-production.de\\\/#organization\"},\"potentialAction\":[{\"@type\":\"SearchAction\",\"target\":{\"@type\":\"EntryPoint\",\"urlTemplate\":\"https:\\\/\\\/dd-production.de\\\/?s={search_term_string}\"},\"query-input\":{\"@type\":\"PropertyValueSpecification\",\"valueRequired\":true,\"valueName\":\"search_term_string\"}}],\"inLanguage\":\"de\"},{\"@type\":\"Organization\",\"@id\":\"https:\\\/\\\/dd-production.de\\\/#organization\",\"name\":\"DD - Production\",\"url\":\"https:\\\/\\\/dd-production.de\\\/\",\"logo\":{\"@type\":\"ImageObject\",\"inLanguage\":\"de\",\"@id\":\"https:\\\/\\\/dd-production.de\\\/#\\\/schema\\\/logo\\\/image\\\/\",\"url\":\"https:\\\/\\\/dd-production.de\\\/wp-content\\\/uploads\\\/2023\\\/01\\\/DD_ICON.png\",\"contentUrl\":\"https:\\\/\\\/dd-production.de\\\/wp-content\\\/uploads\\\/2023\\\/01\\\/DD_ICON.png\",\"width\":1688,\"height\":1687,\"caption\":\"DD - Production\"},\"image\":{\"@id\":\"https:\\\/\\\/dd-production.de\\\/#\\\/schema\\\/logo\\\/image\\\/\"}}]}<\/script>\n<!-- \/ Yoast SEO plugin. -->","yoast_head_json":{"title":"Impressum - DD - Production","robots":{"index":"index","follow":"follow","max-snippet":"max-snippet:-1","max-image-preview":"max-image-preview:large","max-video-preview":"max-video-preview:-1"},"canonical":"https:\/\/dd-production.de\/de_de\/home\/impressum\/","og_locale":"de_DE","og_type":"article","og_title":"Impressum - DD - Production","og_description":"Impressum Rechtliches Inhalt Inhaltlich Verantwortlicher gem\u00e4\u00df \u00a7 6 MDStV: Dominik Dr\u00f6seHaftungshinweis: Trotz sorgf\u00e4ltiger inhaltlicher Kontrolle \u00fcbernehmen wir keine Haftung f\u00fcr die Inhalte externer Links. F\u00fcr den Inhalt der verlinkten Seiten sind ausschlie\u00dflich deren Betreiber verantwortlich. Haftungsausschlu\u00dfDD-Production enth\u00e4lt ausschlie\u00dflich kommentierte Links zu anderen Portalen oder Websites und bem\u00fcht sich um eine [&hellip;]","og_url":"https:\/\/dd-production.de\/de_de\/home\/impressum\/","og_site_name":"DD - Production","twitter_card":"summary_large_image","twitter_misc":{"Gesch\u00e4tzte Lesezeit":"2\u00a0Minuten"},"schema":{"@context":"https:\/\/schema.org","@graph":[{"@type":"WebPage","@id":"https:\/\/dd-production.de\/home\/impressum\/","url":"https:\/\/dd-production.de\/home\/impressum\/","name":"Impressum - DD - Production","isPartOf":{"@id":"https:\/\/dd-production.de\/#website"},"datePublished":"2026-03-28T18:31:19+00:00","breadcrumb":{"@id":"https:\/\/dd-production.de\/home\/impressum\/#breadcrumb"},"inLanguage":"de","potentialAction":[{"@type":"ReadAction","target":["https:\/\/dd-production.de\/home\/impressum\/"]}]},{"@type":"BreadcrumbList","@id":"https:\/\/dd-production.de\/home\/impressum\/#breadcrumb","itemListElement":[{"@type":"ListItem","position":1,"name":"Startseite","item":"https:\/\/dd-production.de\/"},{"@type":"ListItem","position":2,"name":"Home","item":"https:\/\/dd-production.de\/"},{"@type":"ListItem","position":3,"name":"Impressum"}]},{"@type":"WebSite","@id":"https:\/\/dd-production.de\/#website","url":"https:\/\/dd-production.de\/","name":"DD - Production","description":"Artist Booking - Tour Production and more","publisher":{"@id":"https:\/\/dd-production.de\/#organization"},"potentialAction":[{"@type":"SearchAction","target":{"@type":"EntryPoint","urlTemplate":"https:\/\/dd-production.de\/?s={search_term_string}"},"query-input":{"@type":"PropertyValueSpecification","valueRequired":true,"valueName":"search_term_string"}}],"inLanguage":"de"},{"@type":"Organization","@id":"https:\/\/dd-production.de\/#organization","name":"DD - Production","url":"https:\/\/dd-production.de\/","logo":{"@type":"ImageObject","inLanguage":"de","@id":"https:\/\/dd-production.de\/#\/schema\/logo\/image\/","url":"https:\/\/dd-production.de\/wp-content\/uploads\/2023\/01\/DD_ICON.png","contentUrl":"https:\/\/dd-production.de\/wp-content\/uploads\/2023\/01\/DD_ICON.png","width":1688,"height":1687,"caption":"DD - Production"},"image":{"@id":"https:\/\/dd-production.de\/#\/schema\/logo\/image\/"}}]}},"_links":{"self":[{"href":"https:\/\/dd-production.de\/de_de\/wp-json\/wp\/v2\/pages\/8905","targetHints":{"allow":["GET"]}}],"collection":[{"href":"https:\/\/dd-production.de\/de_de\/wp-json\/wp\/v2\/pages"}],"about":[{"href":"https:\/\/dd-production.de\/de_de\/wp-json\/wp\/v2\/types\/page"}],"author":[{"embeddable":true,"href":"https:\/\/dd-production.de\/de_de\/wp-json\/wp\/v2\/users\/2"}],"replies":[{"embeddable":true,"href":"https:\/\/dd-production.de\/de_de\/wp-json\/wp\/v2\/comments?post=8905"}],"version-history":[{"count":10,"href":"https:\/\/dd-production.de\/de_de\/wp-json\/wp\/v2\/pages\/8905\/revisions"}],"predecessor-version":[{"id":9995,"href":"https:\/\/dd-production.de\/de_de\/wp-json\/wp\/v2\/pages\/8905\/revisions\/9995"}],"up":[{"embeddable":true,"href":"https:\/\/dd-production.de\/de_de\/wp-json\/wp\/v2\/pages\/5"}],"wp:attachment":[{"href":"https:\/\/dd-production.de\/de_de\/wp-json\/wp\/v2\/media?parent=8905"}],"curies":[{"name":"wp","href":"https:\/\/api.w.org\/{rel}","templated":true}]}}