{"id":9272,"date":"2023-06-14T17:54:06","date_gmt":"2023-06-14T17:54:06","guid":{"rendered":"https:\/\/dd-production.de\/?page_id=9272"},"modified":"2026-04-01T11:38:01","modified_gmt":"2026-04-01T11:38:01","slug":"jjnpinch","status":"publish","type":"page","link":"https:\/\/dd-production.de\/en\/jjnpinch\/","title":{"rendered":"JJnPinch"},"content":{"rendered":"\t\t<div data-elementor-type=\"wp-page\" data-elementor-id=\"9272\" class=\"elementor elementor-9272\" data-elementor-post-type=\"page\">\n\t\t\t\t\t\t<section class=\"elementor-section elementor-top-section elementor-element elementor-element-67a509b elementor-section-boxed elementor-section-height-default elementor-section-height-default\" data-id=\"67a509b\" data-element_type=\"section\" data-e-type=\"section\" data-settings=\"{&quot;background_background&quot;:&quot;classic&quot;}\">\n\t\t\t\t\t\t<div class=\"elementor-container elementor-column-gap-no\">\n\t\t\t\t\t<div class=\"elementor-column elementor-col-100 elementor-top-column elementor-element elementor-element-3f414bf\" data-id=\"3f414bf\" data-element_type=\"column\" data-e-type=\"column\">\n\t\t\t<div class=\"elementor-widget-wrap elementor-element-populated\">\n\t\t\t\t\t\t<div class=\"elementor-element elementor-element-b3fcb3d elementor-widget elementor-widget-heading\" data-id=\"b3fcb3d\" data-element_type=\"widget\" data-e-type=\"widget\" data-widget_type=\"heading.default\">\n\t\t\t\t<div class=\"elementor-widget-container\">\n\t\t\t\t\t<h1 class=\"elementor-heading-title elementor-size-default\">JJnPinch (UK\/GER)<\/h1>\t\t\t\t<\/div>\n\t\t\t\t<\/div>\n\t\t\t\t<div class=\"elementor-element elementor-element-5524f1b elementor-widget elementor-widget-heading\" data-id=\"5524f1b\" data-element_type=\"widget\" data-e-type=\"widget\" data-widget_type=\"heading.default\">\n\t\t\t\t<div class=\"elementor-widget-container\">\n\t\t\t\t\t<h3 class=\"elementor-heading-title elementor-size-default\">Streetart von Jazz, Rap und Singer-Songwriter-Kl\u00e4ngen<\/h3>\t\t\t\t<\/div>\n\t\t\t\t<\/div>\n\t\t\t\t<div class=\"elementor-element elementor-element-feb7fa3 elementor-align-center elementor-tablet-align-center elementor-mobile-align-center elementor-widget elementor-widget-button\" data-id=\"feb7fa3\" data-element_type=\"widget\" data-e-type=\"widget\" data-widget_type=\"button.default\">\n\t\t\t\t<div class=\"elementor-widget-container\">\n\t\t\t\t\t\t\t\t\t<div class=\"elementor-button-wrapper\">\n\t\t\t\t\t<a class=\"elementor-button elementor-button-link elementor-size-sm\" href=\"https:\/\/dd-production.de\/artist\/jjnpinch\/\">\n\t\t\t\t\t\t<span class=\"elementor-button-content-wrapper\">\n\t\t\t\t\t\t\t\t\t<span class=\"elementor-button-text\">INFO | NEWS | TERMINE | BUCHUNG<\/span>\n\t\t\t\t\t<\/span>\n\t\t\t\t\t<\/a>\n\t\t\t\t<\/div>\n\t\t\t\t\t\t\t\t<\/div>\n\t\t\t\t<\/div>\n\t\t\t\t\t<\/div>\n\t\t<\/div>\n\t\t\t\t\t<\/div>\n\t\t<\/section>\n\t\t\t\t<section class=\"elementor-section elementor-top-section elementor-element elementor-element-af2febc elementor-section-boxed elementor-section-height-default elementor-section-height-default\" data-id=\"af2febc\" data-element_type=\"section\" data-e-type=\"section\">\n\t\t\t\t\t\t<div class=\"elementor-container elementor-column-gap-default\">\n\t\t\t\t\t<div class=\"elementor-column elementor-col-100 elementor-top-column elementor-element elementor-element-3e32da0\" data-id=\"3e32da0\" data-element_type=\"column\" data-e-type=\"column\">\n\t\t\t<div class=\"elementor-widget-wrap elementor-element-populated\">\n\t\t\t\t\t\t<div class=\"elementor-element elementor-element-54512d0 elementor-widget elementor-widget-text-editor\" data-id=\"54512d0\" data-element_type=\"widget\" data-e-type=\"widget\" data-widget_type=\"text-editor.default\">\n\t\t\t\t<div class=\"elementor-widget-container\">\n\t\t\t\t\t\t\t\t\t<p><strong>JJnPinch<\/strong> &#8211; Eine k\u00fchne Fusion von Jazz, Rap und Singer-Songwriter-Kl\u00e4ngen<\/p>\t\t\t\t\t\t\t\t<\/div>\n\t\t\t\t<\/div>\n\t\t\t\t<div class=\"elementor-element elementor-element-a9e26e2 elementor-widget elementor-widget-text-editor\" data-id=\"a9e26e2\" data-element_type=\"widget\" data-e-type=\"widget\" data-widget_type=\"text-editor.default\">\n\t\t\t\t<div class=\"elementor-widget-container\">\n\t\t\t\t\t\t\t\t\t<p>Berlin, [2023] &#8211; Die Stra\u00dfenmusikszene von Berlin hat zwei au\u00dfergew\u00f6hnliche Talente hervorgebracht: The Pinch, ein virtuoser Jazztrompeter und Rapper, und JJ Dawson, ein gef\u00fchlvoller Singer-Songwriter mit Gitarre und einer unverwechselbaren Stimme. Gemeinsam schaffen sie eine einzigartige musikalische Symbiose, die die Grenzen der Genres \u00fcberschreitet.<\/p><p><span style=\"color: var(--color__body-text); background-color: var(--color__body-background); font-family: var(--font__main);\">Urspr\u00fcnglich aus Manchester stammend, haben <strong>JJnPinch<\/strong> ihren k\u00fcnstlerischen Weg in den Stra\u00dfen von Berlin gefunden. Ihre musikalische Reise begann als Stra\u00dfenmusiker und entwickelte sich rasch zu einem fesselnden Zusammenspiel von Jazz, Rap und den ehrlichen Geschichten des Singer-Songwritings. Ihre kreativen Einfl\u00fcsse verbinden sich zu einem wahren H\u00f6rerlebnis, das die Vielfalt und das k\u00fcnstlerische Erbe ihrer Heimatstadt Manchester widerspiegelt.<\/span><\/p>\t\t\t\t\t\t\t\t<\/div>\n\t\t\t\t<\/div>\n\t\t\t\t<div class=\"elementor-element elementor-element-bc61905 elementor-widget elementor-widget-text-editor\" data-id=\"bc61905\" data-element_type=\"widget\" data-e-type=\"widget\" data-widget_type=\"text-editor.default\">\n\t\t\t\t<div class=\"elementor-widget-container\">\n\t\t\t\t\t\t\t\t\t<p>The Pinch, Meister der Jazztrompete und des Rap, fasziniert mit seinem improvisatorischen Geschick und technischen K\u00f6nnen. Seine Trompetenkl\u00e4nge flie\u00dfen mit Leichtigkeit durch die Luft und treffen auf seine lyrischen Rap-Verse, die eine kraftvolle Botschaft transportieren. The Pinch bringt seine einzigartige Pers\u00f6nlichkeit und Leidenschaft f\u00fcr Musik auf die B\u00fchne und zieht die Zuh\u00f6rer in seinen Bann.<\/p>\t\t\t\t\t\t\t\t<\/div>\n\t\t\t\t<\/div>\n\t\t\t\t<div class=\"elementor-element elementor-element-39ea21f elementor-widget elementor-widget-text-editor\" data-id=\"39ea21f\" data-element_type=\"widget\" data-e-type=\"widget\" data-widget_type=\"text-editor.default\">\n\t\t\t\t<div class=\"elementor-widget-container\">\n\t\t\t\t\t\t\t\t\t<p>JJ Dawson, ein talentierter Singer-Songwriter, bezaubert mit seiner gef\u00fchlvollen Stimme und seinen ber\u00fchrenden Texten. Seine Akustikgitarrenkl\u00e4nge bilden das Fundament seiner Lieder und erg\u00e4nzen seine ehrlichen und tiefgr\u00fcndigen Songtexte. Mit seiner aufrichtigen Ausdruckskraft und seiner F\u00e4higkeit, eine emotionale Verbindung herzustellen, nimmt er die Zuh\u00f6rer auf eine Reise durch seine innersten Gedanken und Erfahrungen mit.<\/p>\t\t\t\t\t\t\t\t<\/div>\n\t\t\t\t<\/div>\n\t\t\t\t<div class=\"elementor-element elementor-element-cda54e2 elementor-widget elementor-widget-video\" data-id=\"cda54e2\" data-element_type=\"widget\" data-e-type=\"widget\" data-settings=\"{&quot;youtube_url&quot;:&quot;https:\\\/\\\/youtu.be\\\/79Xc7feUFZw&quot;,&quot;video_type&quot;:&quot;youtube&quot;,&quot;controls&quot;:&quot;yes&quot;}\" data-widget_type=\"video.default\">\n\t\t\t\t<div class=\"elementor-widget-container\">\n\t\t\t\t\t\t\t<div class=\"elementor-wrapper elementor-open-inline\">\n\t\t\t<div class=\"elementor-video\"><\/div>\t\t<\/div>\n\t\t\t\t\t\t<\/div>\n\t\t\t\t<\/div>\n\t\t\t\t<div class=\"elementor-element elementor-element-2517007 elementor-widget elementor-widget-text-editor\" data-id=\"2517007\" data-element_type=\"widget\" data-e-type=\"widget\" data-widget_type=\"text-editor.default\">\n\t\t\t\t<div class=\"elementor-widget-container\">\n\t\t\t\t\t\t\t\t\t<p>Im September 2022 ver\u00f6ffentlichten <strong>JJnPinch\u00a0<\/strong>ihre Deb\u00fct-EP <strong>&#8222;Trip 1&#8220;<\/strong> mit vier fesselnden Tracks. Diese EP vereint ihre einzigartigen Stile und pr\u00e4sentiert einen Vorgeschmack auf ihre kreative Verschmelzung von Jazz, Rap und Singer-Songwriter-Kl\u00e4ngen. Im Oktober folgte ihre Single &#8222;Still Sinking&#8220;, die weiterhin Aufmerksamkeit und Anerkennung erhielt und die Erwartungen f\u00fcr ihre kommenden Ver\u00f6ffentlichungen noch weiter steigerte.<\/p><p>\u00a0<\/p><p>Das dynamische Duo arbeitet bereits an ihrer n\u00e4chsten Ver\u00f6ffentlichung, die die kreative Zusammenarbeit von <strong>JJnPinch<\/strong> auf ein neues Level heben wird. Ihre Musik ist ein k\u00fchner Ausdruck der Vielfalt, des Engagements und der Leidenschaft f\u00fcr das Handwerk. <strong>JJnPinch<\/strong> laden das Publikum ein, sich von ihrer Musik mitrei\u00dfen zu lassen und auf eine emotionale Reise mitzugehen.<\/p>\t\t\t\t\t\t\t\t<\/div>\n\t\t\t\t<\/div>\n\t\t\t\t\t<\/div>\n\t\t<\/div>\n\t\t\t\t\t<\/div>\n\t\t<\/section>\n\t\t\t\t<section class=\"elementor-section elementor-top-section elementor-element elementor-element-f58014b elementor-section-boxed elementor-section-height-default elementor-section-height-default\" data-id=\"f58014b\" data-element_type=\"section\" data-e-type=\"section\">\n\t\t\t\t\t\t<div class=\"elementor-container elementor-column-gap-default\">\n\t\t\t\t\t<div class=\"elementor-column elementor-col-50 elementor-top-column elementor-element elementor-element-719c3d5\" data-id=\"719c3d5\" data-element_type=\"column\" data-e-type=\"column\">\n\t\t\t<div class=\"elementor-widget-wrap elementor-element-populated\">\n\t\t\t\t\t\t<div class=\"elementor-element elementor-element-e52aed1 elementor-widget elementor-widget-html\" data-id=\"e52aed1\" data-element_type=\"widget\" data-e-type=\"widget\" data-widget_type=\"html.default\">\n\t\t\t\t<div class=\"elementor-widget-container\">\n\t\t\t\t\t<iframe width=\"451\" height=\"801\" src=\"https:\/\/www.youtube.com\/embed\/1neGyhAnHCU\" title=\"Moon Is In Him IG Promo\" frameborder=\"0\" allow=\"accelerometer; autoplay; clipboard-write; encrypted-media; gyroscope; picture-in-picture; web-share\" allowfullscreen><\/iframe>\t\t\t\t<\/div>\n\t\t\t\t<\/div>\n\t\t\t\t\t<\/div>\n\t\t<\/div>\n\t\t\t\t<div class=\"elementor-column elementor-col-50 elementor-top-column elementor-element elementor-element-c8da232\" data-id=\"c8da232\" data-element_type=\"column\" data-e-type=\"column\">\n\t\t\t<div class=\"elementor-widget-wrap elementor-element-populated\">\n\t\t\t\t\t\t<div class=\"elementor-element elementor-element-339acae elementor-widget elementor-widget-html\" data-id=\"339acae\" data-element_type=\"widget\" data-e-type=\"widget\" data-widget_type=\"html.default\">\n\t\t\t\t<div class=\"elementor-widget-container\">\n\t\t\t\t\t<iframe width=\"451\" height=\"801\" src=\"https:\/\/www.youtube.com\/embed\/_fEvuR3sLMQ\" title=\"Ruff Out Here IG Promo\" frameborder=\"0\" allow=\"accelerometer; autoplay; clipboard-write; encrypted-media; gyroscope; picture-in-picture; web-share\" allowfullscreen><\/iframe>\t\t\t\t<\/div>\n\t\t\t\t<\/div>\n\t\t\t\t\t<\/div>\n\t\t<\/div>\n\t\t\t\t\t<\/div>\n\t\t<\/section>\n\t\t\t\t<section class=\"elementor-section elementor-top-section elementor-element elementor-element-a259ba1 elementor-section-boxed elementor-section-height-default elementor-section-height-default\" data-id=\"a259ba1\" data-element_type=\"section\" data-e-type=\"section\">\n\t\t\t\t\t\t<div class=\"elementor-container elementor-column-gap-default\">\n\t\t\t\t\t<div class=\"elementor-column elementor-col-33 elementor-top-column elementor-element elementor-element-e1f4427\" data-id=\"e1f4427\" data-element_type=\"column\" data-e-type=\"column\">\n\t\t\t<div class=\"elementor-widget-wrap elementor-element-populated\">\n\t\t\t\t\t\t<div class=\"elementor-element elementor-element-e57f054 elementor-widget elementor-widget-text-editor\" data-id=\"e57f054\" data-element_type=\"widget\" data-e-type=\"widget\" data-widget_type=\"text-editor.default\">\n\t\t\t\t<div class=\"elementor-widget-container\">\n\t\t\t\t\t\t\t\t\t<p>BOOKING KONTAKT:<\/p><p>DOMINIK DR\u00d6SE<\/p><p>+49 (0) 30 440 42 888<\/p>\t\t\t\t\t\t\t\t<\/div>\n\t\t\t\t<\/div>\n\t\t\t\t\t<\/div>\n\t\t<\/div>\n\t\t\t\t<div class=\"elementor-column elementor-col-66 elementor-top-column elementor-element elementor-element-1841743\" data-id=\"1841743\" data-element_type=\"column\" data-e-type=\"column\">\n\t\t\t<div class=\"elementor-widget-wrap elementor-element-populated\">\n\t\t\t\t\t\t<div class=\"elementor-element elementor-element-31aff79 elementor-button-align-stretch elementor-widget elementor-widget-form\" data-id=\"31aff79\" data-element_type=\"widget\" data-e-type=\"widget\" data-settings=\"{&quot;step_next_label&quot;:&quot;N\\u00e4chster&quot;,&quot;step_previous_label&quot;:&quot;Voriger&quot;,&quot;button_width&quot;:&quot;100&quot;,&quot;step_type&quot;:&quot;number_text&quot;,&quot;step_icon_shape&quot;:&quot;circle&quot;}\" data-widget_type=\"form.default\">\n\t\t\t\t<div class=\"elementor-widget-container\">\n\t\t\t\t\t\t\t<form class=\"elementor-form\" method=\"post\" name=\"Neues Formular\" aria-label=\"Neues Formular\">\n\t\t\t<input type=\"hidden\" name=\"post_id\" value=\"9272\"\/>\n\t\t\t<input type=\"hidden\" name=\"form_id\" value=\"31aff79\"\/>\n\t\t\t<input type=\"hidden\" name=\"referer_title\" value=\"JJnPinch - DD - Production\" \/>\n\n\t\t\t\t\t\t\t<input type=\"hidden\" name=\"queried_id\" value=\"9272\"\/>\n\t\t\t\n\t\t\t<div class=\"elementor-form-fields-wrapper elementor-labels-above\">\n\t\t\t\t\t\t\t\t<div class=\"elementor-field-type-text elementor-field-group elementor-column elementor-field-group-name elementor-col-100\">\n\t\t\t\t\t\t\t\t\t\t\t\t<label for=\"form-field-name\" class=\"elementor-field-label\">\n\t\t\t\t\t\t\t\tName\t\t\t\t\t\t\t<\/label>\n\t\t\t\t\t\t\t\t\t\t\t\t\t\t<input size=\"1\" type=\"text\" name=\"form_fields[name]\" id=\"form-field-name\" class=\"elementor-field elementor-size-sm  elementor-field-textual\" placeholder=\"Name\">\n\t\t\t\t\t\t\t\t\t\t\t<\/div>\n\t\t\t\t\t\t\t\t<div class=\"elementor-field-type-email elementor-field-group elementor-column elementor-field-group-email elementor-col-100 elementor-field-required elementor-mark-required\">\n\t\t\t\t\t\t\t\t\t\t\t\t<label for=\"form-field-email\" class=\"elementor-field-label\">\n\t\t\t\t\t\t\t\tE-Mail\t\t\t\t\t\t\t<\/label>\n\t\t\t\t\t\t\t\t\t\t\t\t\t\t<input size=\"1\" type=\"email\" name=\"form_fields[email]\" id=\"form-field-email\" class=\"elementor-field elementor-size-sm  elementor-field-textual\" placeholder=\"E-Mail\" required=\"required\">\n\t\t\t\t\t\t\t\t\t\t\t<\/div>\n\t\t\t\t\t\t\t\t<div class=\"elementor-field-type-textarea elementor-field-group elementor-column elementor-field-group-message elementor-col-100\">\n\t\t\t\t\t\t\t\t\t\t\t\t<label for=\"form-field-message\" class=\"elementor-field-label\">\n\t\t\t\t\t\t\t\tNachricht\t\t\t\t\t\t\t<\/label>\n\t\t\t\t\t\t<textarea class=\"elementor-field-textual elementor-field  elementor-size-sm\" name=\"form_fields[message]\" id=\"form-field-message\" rows=\"4\" placeholder=\"Nachricht\"><\/textarea>\t\t\t\t<\/div>\n\t\t\t\t\t\t\t\t<div class=\"elementor-field-group elementor-column elementor-field-type-submit elementor-col-100 e-form__buttons\">\n\t\t\t\t\t<button class=\"elementor-button elementor-size-sm\" type=\"submit\">\n\t\t\t\t\t\t<span class=\"elementor-button-content-wrapper\">\n\t\t\t\t\t\t\t\t\t\t\t\t\t\t\t\t\t\t\t\t\t\t<span class=\"elementor-button-text\">Senden<\/span>\n\t\t\t\t\t\t\t\t\t\t\t\t\t<\/span>\n\t\t\t\t\t<\/button>\n\t\t\t\t<\/div>\n\t\t\t<\/div>\n\t\t<\/form>\n\t\t\t\t\t\t<\/div>\n\t\t\t\t<\/div>\n\t\t\t\t\t<\/div>\n\t\t<\/div>\n\t\t\t\t\t<\/div>\n\t\t<\/section>\n\t\t\t\t<\/div>\n\t\t","protected":false},"excerpt":{"rendered":"<p>JJnPinch (UK\/GER) Streetart von Jazz, Rap und Singer-Songwriter-Kl\u00e4ngen INFO | NEWS | TERMINE | BUCHUNG JJnPinch &#8211; Eine k\u00fchne Fusion von Jazz, Rap und Singer-Songwriter-Kl\u00e4ngen Berlin, [2023] &#8211; Die Stra\u00dfenmusikszene von Berlin hat zwei au\u00dfergew\u00f6hnliche Talente hervorgebracht: The Pinch, ein virtuoser Jazztrompeter und Rapper, und JJ Dawson, ein gef\u00fchlvoller Singer-Songwriter [&hellip;]<\/p>\n","protected":false},"author":2,"featured_media":0,"parent":0,"menu_order":0,"comment_status":"closed","ping_status":"closed","template":"elementor_header_footer","meta":{"_monsterinsights_skip_tracking":false,"_monsterinsights_sitenote_active":false,"_monsterinsights_sitenote_note":"","_monsterinsights_sitenote_category":0,"footnotes":""},"class_list":["post-9272","page","type-page","status-publish","hentry"],"yoast_head":"<!-- This site is optimized with the Yoast SEO plugin v27.4 - https:\/\/yoast.com\/product\/yoast-seo-wordpress\/ -->\n<title>JJnPinch - DD - Production<\/title>\n<meta name=\"robots\" content=\"index, follow, max-snippet:-1, max-image-preview:large, max-video-preview:-1\" \/>\n<link rel=\"canonical\" href=\"https:\/\/dd-production.de\/en\/jjnpinch\/\" \/>\n<meta property=\"og:locale\" content=\"en_US\" \/>\n<meta property=\"og:type\" content=\"article\" \/>\n<meta property=\"og:title\" content=\"JJnPinch - DD - Production\" \/>\n<meta property=\"og:description\" content=\"JJnPinch (UK\/GER) Streetart von Jazz, Rap und Singer-Songwriter-Kl\u00e4ngen INFO | NEWS | TERMINE | BUCHUNG JJnPinch &#8211; Eine k\u00fchne Fusion von Jazz, Rap und Singer-Songwriter-Kl\u00e4ngen Berlin, [2023] &#8211; Die Stra\u00dfenmusikszene von Berlin hat zwei au\u00dfergew\u00f6hnliche Talente hervorgebracht: The Pinch, ein virtuoser Jazztrompeter und Rapper, und JJ Dawson, ein gef\u00fchlvoller Singer-Songwriter [&hellip;]\" \/>\n<meta property=\"og:url\" content=\"https:\/\/dd-production.de\/en\/jjnpinch\/\" \/>\n<meta property=\"og:site_name\" content=\"DD - Production\" \/>\n<meta property=\"article:modified_time\" content=\"2026-04-01T11:38:01+00:00\" \/>\n<meta name=\"twitter:card\" content=\"summary_large_image\" \/>\n<meta name=\"twitter:label1\" content=\"Est. reading time\" \/>\n\t<meta name=\"twitter:data1\" content=\"2 minutes\" \/>\n<script type=\"application\/ld+json\" class=\"yoast-schema-graph\">{\"@context\":\"https:\\\/\\\/schema.org\",\"@graph\":[{\"@type\":\"WebPage\",\"@id\":\"https:\\\/\\\/dd-production.de\\\/jjnpinch\\\/\",\"url\":\"https:\\\/\\\/dd-production.de\\\/jjnpinch\\\/\",\"name\":\"JJnPinch - DD - Production\",\"isPartOf\":{\"@id\":\"https:\\\/\\\/dd-production.de\\\/#website\"},\"datePublished\":\"2023-06-14T17:54:06+00:00\",\"dateModified\":\"2026-04-01T11:38:01+00:00\",\"breadcrumb\":{\"@id\":\"https:\\\/\\\/dd-production.de\\\/jjnpinch\\\/#breadcrumb\"},\"inLanguage\":\"en-US\",\"potentialAction\":[{\"@type\":\"ReadAction\",\"target\":[\"https:\\\/\\\/dd-production.de\\\/jjnpinch\\\/\"]}]},{\"@type\":\"BreadcrumbList\",\"@id\":\"https:\\\/\\\/dd-production.de\\\/jjnpinch\\\/#breadcrumb\",\"itemListElement\":[{\"@type\":\"ListItem\",\"position\":1,\"name\":\"Startseite\",\"item\":\"https:\\\/\\\/dd-production.de\\\/\"},{\"@type\":\"ListItem\",\"position\":2,\"name\":\"JJnPinch\"}]},{\"@type\":\"WebSite\",\"@id\":\"https:\\\/\\\/dd-production.de\\\/#website\",\"url\":\"https:\\\/\\\/dd-production.de\\\/\",\"name\":\"DD - Production\",\"description\":\"Artist Booking - Tour Production and more\",\"publisher\":{\"@id\":\"https:\\\/\\\/dd-production.de\\\/#organization\"},\"potentialAction\":[{\"@type\":\"SearchAction\",\"target\":{\"@type\":\"EntryPoint\",\"urlTemplate\":\"https:\\\/\\\/dd-production.de\\\/?s={search_term_string}\"},\"query-input\":{\"@type\":\"PropertyValueSpecification\",\"valueRequired\":true,\"valueName\":\"search_term_string\"}}],\"inLanguage\":\"en-US\"},{\"@type\":\"Organization\",\"@id\":\"https:\\\/\\\/dd-production.de\\\/#organization\",\"name\":\"DD - Production\",\"url\":\"https:\\\/\\\/dd-production.de\\\/\",\"logo\":{\"@type\":\"ImageObject\",\"inLanguage\":\"en-US\",\"@id\":\"https:\\\/\\\/dd-production.de\\\/#\\\/schema\\\/logo\\\/image\\\/\",\"url\":\"https:\\\/\\\/dd-production.de\\\/wp-content\\\/uploads\\\/2023\\\/01\\\/DD_ICON.png\",\"contentUrl\":\"https:\\\/\\\/dd-production.de\\\/wp-content\\\/uploads\\\/2023\\\/01\\\/DD_ICON.png\",\"width\":1688,\"height\":1687,\"caption\":\"DD - Production\"},\"image\":{\"@id\":\"https:\\\/\\\/dd-production.de\\\/#\\\/schema\\\/logo\\\/image\\\/\"}}]}<\/script>\n<!-- \/ Yoast SEO plugin. -->","yoast_head_json":{"title":"JJnPinch - DD - Production","robots":{"index":"index","follow":"follow","max-snippet":"max-snippet:-1","max-image-preview":"max-image-preview:large","max-video-preview":"max-video-preview:-1"},"canonical":"https:\/\/dd-production.de\/en\/jjnpinch\/","og_locale":"en_US","og_type":"article","og_title":"JJnPinch - DD - Production","og_description":"JJnPinch (UK\/GER) Streetart von Jazz, Rap und Singer-Songwriter-Kl\u00e4ngen INFO | NEWS | TERMINE | BUCHUNG JJnPinch &#8211; Eine k\u00fchne Fusion von Jazz, Rap und Singer-Songwriter-Kl\u00e4ngen Berlin, [2023] &#8211; Die Stra\u00dfenmusikszene von Berlin hat zwei au\u00dfergew\u00f6hnliche Talente hervorgebracht: The Pinch, ein virtuoser Jazztrompeter und Rapper, und JJ Dawson, ein gef\u00fchlvoller Singer-Songwriter [&hellip;]","og_url":"https:\/\/dd-production.de\/en\/jjnpinch\/","og_site_name":"DD - Production","article_modified_time":"2026-04-01T11:38:01+00:00","twitter_card":"summary_large_image","twitter_misc":{"Est. reading time":"2 minutes"},"schema":{"@context":"https:\/\/schema.org","@graph":[{"@type":"WebPage","@id":"https:\/\/dd-production.de\/jjnpinch\/","url":"https:\/\/dd-production.de\/jjnpinch\/","name":"JJnPinch - DD - Production","isPartOf":{"@id":"https:\/\/dd-production.de\/#website"},"datePublished":"2023-06-14T17:54:06+00:00","dateModified":"2026-04-01T11:38:01+00:00","breadcrumb":{"@id":"https:\/\/dd-production.de\/jjnpinch\/#breadcrumb"},"inLanguage":"en-US","potentialAction":[{"@type":"ReadAction","target":["https:\/\/dd-production.de\/jjnpinch\/"]}]},{"@type":"BreadcrumbList","@id":"https:\/\/dd-production.de\/jjnpinch\/#breadcrumb","itemListElement":[{"@type":"ListItem","position":1,"name":"Startseite","item":"https:\/\/dd-production.de\/"},{"@type":"ListItem","position":2,"name":"JJnPinch"}]},{"@type":"WebSite","@id":"https:\/\/dd-production.de\/#website","url":"https:\/\/dd-production.de\/","name":"DD - Production","description":"Artist Booking - Tour Production and more","publisher":{"@id":"https:\/\/dd-production.de\/#organization"},"potentialAction":[{"@type":"SearchAction","target":{"@type":"EntryPoint","urlTemplate":"https:\/\/dd-production.de\/?s={search_term_string}"},"query-input":{"@type":"PropertyValueSpecification","valueRequired":true,"valueName":"search_term_string"}}],"inLanguage":"en-US"},{"@type":"Organization","@id":"https:\/\/dd-production.de\/#organization","name":"DD - Production","url":"https:\/\/dd-production.de\/","logo":{"@type":"ImageObject","inLanguage":"en-US","@id":"https:\/\/dd-production.de\/#\/schema\/logo\/image\/","url":"https:\/\/dd-production.de\/wp-content\/uploads\/2023\/01\/DD_ICON.png","contentUrl":"https:\/\/dd-production.de\/wp-content\/uploads\/2023\/01\/DD_ICON.png","width":1688,"height":1687,"caption":"DD - Production"},"image":{"@id":"https:\/\/dd-production.de\/#\/schema\/logo\/image\/"}}]}},"_links":{"self":[{"href":"https:\/\/dd-production.de\/en\/wp-json\/wp\/v2\/pages\/9272","targetHints":{"allow":["GET"]}}],"collection":[{"href":"https:\/\/dd-production.de\/en\/wp-json\/wp\/v2\/pages"}],"about":[{"href":"https:\/\/dd-production.de\/en\/wp-json\/wp\/v2\/types\/page"}],"author":[{"embeddable":true,"href":"https:\/\/dd-production.de\/en\/wp-json\/wp\/v2\/users\/2"}],"replies":[{"embeddable":true,"href":"https:\/\/dd-production.de\/en\/wp-json\/wp\/v2\/comments?post=9272"}],"version-history":[{"count":44,"href":"https:\/\/dd-production.de\/en\/wp-json\/wp\/v2\/pages\/9272\/revisions"}],"predecessor-version":[{"id":10113,"href":"https:\/\/dd-production.de\/en\/wp-json\/wp\/v2\/pages\/9272\/revisions\/10113"}],"wp:attachment":[{"href":"https:\/\/dd-production.de\/en\/wp-json\/wp\/v2\/media?parent=9272"}],"curies":[{"name":"wp","href":"https:\/\/api.w.org\/{rel}","templated":true}]}}